{"id":8490,"date":"2022-05-30T16:21:30","date_gmt":"2022-05-30T16:21:30","guid":{"rendered":"https:\/\/revotrading.com.tr\/urun\/desicant-filling-machine\/"},"modified":"2023-12-19T10:59:19","modified_gmt":"2023-12-19T10:59:19","slug":"desicant-filling-machine","status":"publish","type":"product","link":"https:\/\/revotrading.com.tr\/en\/product\/desicant-filling-machine\/","title":{"rendered":"DES\u0130CANT F\u0130LL\u0130NG MACHINE"},"content":{"rendered":"<p><img loading=\"lazy\" decoding=\"async\" class=\"alignnone size-full wp-image-8707\" src=\"https:\/\/revotrading.com.tr\/wp-content\/uploads\/2022\/05\/DESICANT-FILLING-MACHINE.png\" alt=\"\" width=\"1116\" height=\"708\" srcset=\"https:\/\/revotrading.com.tr\/wp-content\/uploads\/2022\/05\/DESICANT-FILLING-MACHINE.png 1116w, https:\/\/revotrading.com.tr\/wp-content\/uploads\/2022\/05\/DESICANT-FILLING-MACHINE-400x254.png 400w, https:\/\/revotrading.com.tr\/wp-content\/uploads\/2022\/05\/DESICANT-FILLING-MACHINE-768x487.png 768w, https:\/\/revotrading.com.tr\/wp-content\/uploads\/2022\/05\/DESICANT-FILLING-MACHINE-860x546.png 860w, https:\/\/revotrading.com.tr\/wp-content\/uploads\/2022\/05\/DESICANT-FILLING-MACHINE-430x273.png 430w, https:\/\/revotrading.com.tr\/wp-content\/uploads\/2022\/05\/DESICANT-FILLING-MACHINE-700x444.png 700w, https:\/\/revotrading.com.tr\/wp-content\/uploads\/2022\/05\/DESICANT-FILLING-MACHINE-150x95.png 150w\" sizes=\"auto, (max-width: 1116px) 100vw, 1116px\" \/><\/p>","protected":false},"excerpt":{"rendered":"","protected":false},"featured_media":8055,"template":"","meta":[],"product_brand":[],"product_cat":[130],"product_tag":[],"class_list":{"0":"post-8490","1":"product","2":"type-product","3":"status-publish","4":"has-post-thumbnail","6":"product_cat-machines","8":"first","9":"instock","10":"shipping-taxable","11":"product-type-simple"},"_links":{"self":[{"href":"https:\/\/revotrading.com.tr\/en\/wp-json\/wp\/v2\/product\/8490","targetHints":{"allow":["GET"]}}],"collection":[{"href":"https:\/\/revotrading.com.tr\/en\/wp-json\/wp\/v2\/product"}],"about":[{"href":"https:\/\/revotrading.com.tr\/en\/wp-json\/wp\/v2\/types\/product"}],"wp:featuredmedia":[{"embeddable":true,"href":"https:\/\/revotrading.com.tr\/en\/wp-json\/wp\/v2\/media\/8055"}],"wp:attachment":[{"href":"https:\/\/revotrading.com.tr\/en\/wp-json\/wp\/v2\/media?parent=8490"}],"wp:term":[{"taxonomy":"product_brand","embeddable":true,"href":"https:\/\/revotrading.com.tr\/en\/wp-json\/wp\/v2\/product_brand?post=8490"},{"taxonomy":"product_cat","embeddable":true,"href":"https:\/\/revotrading.com.tr\/en\/wp-json\/wp\/v2\/product_cat?post=8490"},{"taxonomy":"product_tag","embeddable":true,"href":"https:\/\/revotrading.com.tr\/en\/wp-json\/wp\/v2\/product_tag?post=8490"}],"curies":[{"name":"wp","href":"https:\/\/api.w.org\/{rel}","templated":true}]}}