{"id":8494,"date":"2022-05-30T16:21:31","date_gmt":"2022-05-30T16:21:31","guid":{"rendered":"https:\/\/revotrading.com.tr\/urun\/drilling-machine\/"},"modified":"2023-12-19T10:59:51","modified_gmt":"2023-12-19T10:59:51","slug":"drilling-machine","status":"publish","type":"product","link":"https:\/\/revotrading.com.tr\/en\/product\/drilling-machine\/","title":{"rendered":"DR\u0130LL\u0130NG MACH\u0130NE"},"content":{"rendered":"<p><img loading=\"lazy\" decoding=\"async\" class=\"alignnone size-full wp-image-8708\" src=\"https:\/\/revotrading.com.tr\/wp-content\/uploads\/2022\/05\/RVMA50011-2.png\" alt=\"\" width=\"2135\" height=\"1234\" srcset=\"https:\/\/revotrading.com.tr\/wp-content\/uploads\/2022\/05\/RVMA50011-2.png 2135w, https:\/\/revotrading.com.tr\/wp-content\/uploads\/2022\/05\/RVMA50011-2-400x231.png 400w, https:\/\/revotrading.com.tr\/wp-content\/uploads\/2022\/05\/RVMA50011-2-1300x751.png 1300w, https:\/\/revotrading.com.tr\/wp-content\/uploads\/2022\/05\/RVMA50011-2-768x444.png 768w, https:\/\/revotrading.com.tr\/wp-content\/uploads\/2022\/05\/RVMA50011-2-1536x888.png 1536w, https:\/\/revotrading.com.tr\/wp-content\/uploads\/2022\/05\/RVMA50011-2-2048x1184.png 2048w, https:\/\/revotrading.com.tr\/wp-content\/uploads\/2022\/05\/RVMA50011-2-860x497.png 860w, https:\/\/revotrading.com.tr\/wp-content\/uploads\/2022\/05\/RVMA50011-2-430x249.png 430w, https:\/\/revotrading.com.tr\/wp-content\/uploads\/2022\/05\/RVMA50011-2-700x405.png 700w, https:\/\/revotrading.com.tr\/wp-content\/uploads\/2022\/05\/RVMA50011-2-150x87.png 150w\" sizes=\"auto, (max-width: 2135px) 100vw, 2135px\" \/><\/p>","protected":false},"excerpt":{"rendered":"","protected":false},"featured_media":8059,"template":"","meta":[],"product_brand":[],"product_cat":[130],"product_tag":[],"class_list":{"0":"post-8494","1":"product","2":"type-product","3":"status-publish","4":"has-post-thumbnail","6":"product_cat-machines","8":"first","9":"instock","10":"shipping-taxable","11":"product-type-simple"},"_links":{"self":[{"href":"https:\/\/revotrading.com.tr\/en\/wp-json\/wp\/v2\/product\/8494","targetHints":{"allow":["GET"]}}],"collection":[{"href":"https:\/\/revotrading.com.tr\/en\/wp-json\/wp\/v2\/product"}],"about":[{"href":"https:\/\/revotrading.com.tr\/en\/wp-json\/wp\/v2\/types\/product"}],"wp:featuredmedia":[{"embeddable":true,"href":"https:\/\/revotrading.com.tr\/en\/wp-json\/wp\/v2\/media\/8059"}],"wp:attachment":[{"href":"https:\/\/revotrading.com.tr\/en\/wp-json\/wp\/v2\/media?parent=8494"}],"wp:term":[{"taxonomy":"product_brand","embeddable":true,"href":"https:\/\/revotrading.com.tr\/en\/wp-json\/wp\/v2\/product_brand?post=8494"},{"taxonomy":"product_cat","embeddable":true,"href":"https:\/\/revotrading.com.tr\/en\/wp-json\/wp\/v2\/product_cat?post=8494"},{"taxonomy":"product_tag","embeddable":true,"href":"https:\/\/revotrading.com.tr\/en\/wp-json\/wp\/v2\/product_tag?post=8494"}],"curies":[{"name":"wp","href":"https:\/\/api.w.org\/{rel}","templated":true}]}}